{"id":110,"date":"2021-10-01T10:30:51","date_gmt":"2021-10-01T10:30:51","guid":{"rendered":"https:\/\/webredox.net\/demo\/wp\/bauen\/light\/multi\/demo1\/?page_id=110"},"modified":"2023-10-27T15:17:59","modified_gmt":"2023-10-27T19:17:59","slug":"contact","status":"publish","type":"page","link":"https:\/\/constructionsjkj.com\/en\/contact\/","title":{"rendered":"Contact"},"content":{"rendered":"<div data-elementor-type=\"wp-page\" data-elementor-id=\"110\" class=\"elementor elementor-110\" data-elementor-post-type=\"page\">\n\t\t\t\t\t\t<section class=\"elementor-section elementor-top-section elementor-element elementor-element-7da26bc3 elementor-section-full_width elementor-section-height-default elementor-section-height-default\" data-id=\"7da26bc3\" data-element_type=\"section\">\n\t\t\t\t\t\t<div class=\"elementor-container elementor-column-gap-default\">\n\t\t\t\t\t<div class=\"elementor-column elementor-col-100 elementor-top-column elementor-element elementor-element-5df76801\" data-id=\"5df76801\" data-element_type=\"column\">\n\t\t\t<div class=\"elementor-widget-wrap elementor-element-populated\">\n\t\t\t\t\t\t<div class=\"elementor-section elementor-inner-section elementor-element elementor-element-37271741 elementor-section-boxed elementor-section-height-default elementor-section-height-default\" data-id=\"37271741\" data-element_type=\"section\">\n\t\t\t\t\t\t<div class=\"elementor-container elementor-column-gap-default\">\n\t\t\t\t\t<div class=\"elementor-column elementor-col-100 elementor-inner-column elementor-element elementor-element-3a1fc232\" data-id=\"3a1fc232\" data-element_type=\"column\">\n\t\t\t<div class=\"elementor-widget-wrap elementor-element-populated\">\n\t\t\t\t\t\t<div class=\"elementor-element elementor-element-11eaeffb elementor-widget elementor-widget-bauen-title\" data-id=\"11eaeffb\" data-element_type=\"widget\" data-widget_type=\"bauen-title.default\">\n\t\t\t\t<div class=\"elementor-widget-container\">\n\t\t\t\t\t\n\t\t\t\n\t\t\t\t\t\t<h2 class=\"section-title text-center\">CONTACT <span class=\"text-color-red\"> US<\/span><\/h2>\n\t\t\t\t\n\t\t\t\t\n        \n\t\t\t\n        \t\t<\/div>\n\t\t\t\t<\/div>\n\t\t\t\t\t<\/div>\n\t\t<\/div>\n\t\t\t\t\t<\/div>\n\t\t<\/div>\n\t\t\t\t<div class=\"elementor-section elementor-inner-section elementor-element elementor-element-6b0da7ce elementor-section-boxed elementor-section-height-default elementor-section-height-default\" data-id=\"6b0da7ce\" data-element_type=\"section\">\n\t\t\t\t\t\t<div class=\"elementor-container elementor-column-gap-default\">\n\t\t\t\t\t<div class=\"elementor-column elementor-col-50 elementor-inner-column elementor-element elementor-element-469d060a\" data-id=\"469d060a\" data-element_type=\"column\">\n\t\t\t<div class=\"elementor-widget-wrap elementor-element-populated\">\n\t\t\t\t\t\t<div class=\"elementor-element elementor-element-f4bb099 elementor-widget elementor-widget-bauen-title\" data-id=\"f4bb099\" data-element_type=\"widget\" data-widget_type=\"bauen-title.default\">\n\t\t\t\t<div class=\"elementor-widget-container\">\n\t\t\t\t\t\n\t\t\t\n\t\t\t\t\t\t<h2 class=\"section-title text-left\">Information<\/h2>\n\t\t\t\t\n\t\t\t\t\n        \n\t\t\t\n        \t\t<\/div>\n\t\t\t\t<\/div>\n\t\t\t\t<div class=\"elementor-element elementor-element-f0805e3 elementor-invisible elementor-widget elementor-widget-bauen-contact\" data-id=\"f0805e3\" data-element_type=\"widget\" data-settings=\"{&quot;_animation&quot;:&quot;fadeInUp&quot;}\" data-widget_type=\"bauen-contact.default\">\n\t\t\t\t<div class=\"elementor-widget-container\">\n\t\t\t        \n\t\t<div class=\"sec-contact-info mb-30\">\n\t\t\t\t\n\t\t\t\t\n\t\t    \n\t\t\t\t\t\t\n\t\t\t\t\t\t\t\t\t\t\t\t\t\t\t\n\t\t\t\t\t    <p><b>Phone:<\/b> <a href=\"tel:(438) 467-0179\">(438) 467-0179<\/a><\/p> \n\t\t\t\t\t\t \n\n\t\t\t\t\t\t\t\t\t\t\t\t\t\t\t \n\t\t\t\t\t\t<p><b>Email:<\/b> <a href=\"mailto:info@constructionsjkj.com\">info@constructionsjkj.com<\/a><\/p> \n\t\t\t\t\t\t \n\n\t\t\t\t\t\t\t\t\t\t\t\t\t\t    <p><b>Business hours:<\/b> <a href=\"\" target=\"_self\">08:00 am - 04:00 pm<\/a><\/p>\n\t\t\t\t\t\t \n\n\t\t\t\t\t\t\t\t\n        <\/div>\n\t\t\n        \t\t<\/div>\n\t\t\t\t<\/div>\n\t\t\t\t\t<\/div>\n\t\t<\/div>\n\t\t\t\t<div class=\"elementor-column elementor-col-50 elementor-inner-column elementor-element elementor-element-20c6228\" data-id=\"20c6228\" data-element_type=\"column\">\n\t\t\t<div class=\"elementor-widget-wrap elementor-element-populated\">\n\t\t\t\t\t\t<div class=\"elementor-element elementor-element-2202811 elementor-invisible elementor-widget elementor-widget-bauen-form\" data-id=\"2202811\" data-element_type=\"widget\" data-settings=\"{&quot;_animation&quot;:&quot;fadeInUp&quot;}\" data-widget_type=\"bauen-form.default\">\n\t\t\t\t<div class=\"elementor-widget-container\">\n\t\t\t\t\t<div  class=\"sec-contact-form\">\n        \t\n\t\t\t<div  class=\"vc_template\">\n\t\t\t   <style type=\"text\/css\">#nex-forms{display:none;}<\/style><div id=\"nf_form_83820\">\r\n\r\n\t\t\t<style type=\"text\/css\">\r\n\r\n\t\t\t\t#nex-forms.contact_form_-_example_3 .nf-loader-lds-spinner div:after {background: #40C4FF; }\r\n\t\t\t\t#nex-forms.contact_form_-_example_3 .nf-loader-lds-grid div {background: #40C4FF; }\r\n\t\t\t\t#nex-forms.contact_form_-_example_3 .nf-loader-lds-ellipsis div { background: #40C4FF;}\r\n\t\t\t\t#nex-forms.contact_form_-_example_3 .nf-loader-lds-default div {background: #40C4FF;}\r\n\t\t\t\t#nex-forms.contact_form_-_example_3 .nf-loader-lds-roller div:after {background: #40C4FF;}\r\n\t\t\t\t#nex-forms.contact_form_-_example_3 .nf-loader-lds-heart div,\r\n\t\t\t\t#nex-forms.contact_form_-_example_3 .nf-loader-lds-heart div:after,\r\n\t\t\t\t#nex-forms.contact_form_-_example_3 .nf-loader-lds-heart div:before {background: #40C4FF;}\r\n\r\n\r\n\t\t\t\t#nex-forms.contact_form_-_example_3 .nf-loader-lds-facebook div {background: #40C4FF;}\r\n\t\t\t\t#nex-forms.contact_form_-_example_3 .nf-loader-lds-circle > div {background: #40C4FF;}\r\n\r\n\t\t\t\t#nex-forms.contact_form_-_example_3 .nf-loader-lds-dual-ring:after {border: 6px solid #40C4FF;border-color: #40C4FF transparent #40C4FF transparent;}\r\n\t\t\t\t#nex-forms.contact_form_-_example_3 .nf-loader-lds-ring div {border: 8px solid #40C4FF;border-color: #40C4FF transparent transparent transparent;}\r\n\t\t\t\t#nex-forms.contact_form_-_example_3 .nf-loader-lds-hourglass:after {border: 32px solid #40C4FF;border-color: #40C4FF transparent #40C4FF transparent;}\r\n\t\t\t\t#nex-forms.contact_form_-_example_3 .nf-loader-lds-ripple div {border: 4px solid #40C4FF;}\r\n\t\t\t<\/style>\r\n\r\n\r\n\t\t\t<div id=\"nex-forms\" data-loader=\"ellipsis\" data-msg-hide-form=\"yes\" data-msg-position=\"top\" data-msg-placement=\"outside\"  class=\"nex-forms contact_form_-_example_3\"><div class=\"pre_fill_fields\"><\/div><div class=\"set_form_theme theme-default\"><div class=\"nex_success_message msg_top msgv2 animated hidden\" style=\"display:none;\"><div class=\"nex_success_message_container\" style=\"background: #ffffff; box-shadow: #00000033 0px 7px 16px 0px; border-radius: 4px; padding: 30px; border-color: #dddddd;\"><div class=\"msg_text\"><div class=\"form_field all_fields icon html_fields wow bounceInUp\" style=\"margin-bottom: 15px\" id=\"_21501\" data-animation-name=\"bounceInUp\">\n\t\t\t\t\t\t\t  <div class=\"edit_mask\"><\/div>\n\t\t\t\t\t\t\t  \n\t\t\t\t\t\t\t\t<div class=\"icon_container_wrapper icon_center\">\n\t\t\t\t\t\t\t\t  <div class=\"icon_container\" id=\"field_container\" style=\"border-width: 0px;background-color: transparent\">\n\t\t\t\t\t\t\t\t\t<div class=\"\">\n\t\t\t\t\t\t\t\t\t  <div class=\"input_container\">\n\t\t\t\t\t\t\t\t\t\t<div class=\"the_input_element icon_element\" style=\"font-size: 50px;color: #8bc34a\"><span class=\"fas fa-check-circle\"><\/span><\/div>\n\t\t\t\t\t\t\t\t\t  <\/div>\n\t\t\t\t\t\t\t\t\t<\/div>\n\t\t\t\t\t\t\t\t  <\/div>\n\t\t\t\t\t\t\t\t  \n\t\t\t\t\t\t\t\t<\/div>\n\t\t\t\t\t\t\t  \n\t\t\t\t\t\t\t<\/div>\n\t\t\t\t\t\t\t<div class=\"form_field all_fields html html_fields wow fadeInDown\" style=\"margin-bottom: 15px\" data-animation-name=\"fadeInDown\" data-wow-delay=\"0.5s\" id=\"_59474\">\n\t\t\t\t\t\t\t  <div class=\"edit_mask\"><\/div>\n\t\t\t\t\t\t\t  \n\t\t\t\t\t\t\t\t<div class=\"row\">\n\t\t\t\t\t\t\t\t  <div class=\"col-sm-12\" id=\"field_container\">\n\t\t\t\t\t\t\t\t\t<div class=\"row\">\n\t\t\t\t\t\t\t\t\t  <div class=\"col-sm-12 input_container\">\n\t\t\t\t\t\t\t\t\t\t<div class=\"the_input_element align_center\" data-math-equation=\"\" data-original-math-equation=\"\" data-decimal-places=\"0\">Merci de vous \u00eatre connect\u00e9 avec nous. Nous vous r\u00e9pondrons sous peu.<\/div>\n\t\t\t\t\t\t\t\t\t\t<div style=\"clear:both\"><\/div>\n\t\t\t\t\t\t\t\t\t  <\/div>\n\t\t\t\t\t\t\t\t\t<\/div>\n\t\t\t\t\t\t\t\t  <\/div>\n\t\t\t\t\t\t\t\t  \n\t\t\t\t\t\t\t\t<\/div>\n\t\t\t\t\t\t\t  \n\t\t\t\t\t\t\t<\/div><\/div><\/div><\/div><div data-timer-start=\"1\" data-timer-end=\"0\" class=\"inner-canvas-container ui-nex-forms-container  m_design\" id=\"ui-nex-forms-container-1\"  ><div class=\"current_step\" style=\"display:none;\">1<\/div><div class=\"last_visited_step\" style=\"display:none;\">1<\/div><div class=\"nex-forms-header-footer nex-forms-header timer_inline timer_right\"><\/div><div id=\"the_plugin_url\" style=\"display:none;\">https:\/\/constructionsjkj.com\/wp-content\/plugins\/nex-forms<\/div><div id=\"nf_save_form_progress\" style=\"display:none;\">false<\/div><div id=\"confirmation_page\" class=\"confirmation_page\" style=\"display:none;\"><\/div><div id=\"on_form_submmision\" class=\"on_form_submmision\" style=\"display:none;\">message<\/div><div class=\"hidden\" id=\"nf_ajax_url\" style=\"display:none;\">https:\/\/constructionsjkj.com\/wp-admin\/admin-ajax.php<\/div><div class=\"hidden\" id=\"paypal_return_url\" style=\"display:none;\">https:\/\/constructionsjkj.com\/en\/wp-json\/wp\/v2\/pages\/110<\/div><div class=\"hidden\" id=\"ms_scroll_to_top\" style=\"display:none;\">yes<\/div><div class=\"v7_container form_type_normal\" style=\"padding: 20px; background-repeat: repeat-x; background-image: url('http:\/\/basixonline.net\/nex-forms-wordpress-form-builder-demo\/wp-content\/uploads\/2019\/04\/bg_contact_form-2.png'); box-shadow: #00000033 0px 7px 16px 0px;\"><div class=\"current_field_on_focus\" style=\"display:none\">1<\/div><form id=\"1\" class=\"submit-nex-form nex-forms-1\" data-form-id=\"1\" name=\"nex_form\" action=\"https:\/\/constructionsjkj.com\/wp-admin\/admin-ajax.php\" method=\"post\" enctype=\"multipart\/form-data\"><div class=\"step_transition_in\" style=\"display:none;\">fadeIn<\/div><div class=\"step_transition_out\" style=\"display:none;\">fadeOut<\/div><input type=\"hidden\" name=\"nex_forms_Id\" value=\"1\"><input type=\"hidden\" name=\"page\" value=\"\/en\/wp-json\/wp\/v2\/pages\/110\"><input type=\"hidden\" name=\"ip\" value=\"216.73.217.130\"><input type=\"hidden\" name=\"nf_page_id\" value=\"110\"><input type=\"hidden\" name=\"nf_page_title\" value=\"Contact\"><input type=\"text\" name=\"company_url\" value=\"\" placeholder=\"enter company url\" class=\"form-control req\">\n\t\t\t\t\t\t\t<div class=\"form_field hidden bootstrap_field\" id=\"_40280\">\n\t\t\t\t\t\t\t\t<input class=\"ms_current_step\" value=\"1\" name=\"ms_current_step\" type=\"hidden\">\n\t\t\t\t\t\t\t<\/div>\n\t\t\t\t\t\t\t<div class=\"grid-system-2 bootstrap_field is_grid\" id=\"_13089\" style=\"position: relative;left: 0px;top: 0px\"><div class=\"row grid_row\"><div class=\"grid_input_holder id-_13089  col-sm-3 grid-target-0\" data-grid-width=\"3\" data-grid-num=\"0\"><div class=\"form_field all_fields html_image html_fields bootstrap_field\" style=\"margin-bottom: 15px;position: relative;top: 0px;margin-left: 10px;margin-right: 0px\" id=\"_57189\"><div class=\"row\"><div class=\"col-sm-12\" id=\"field_container\" style=\"padding-left: 0px\"><div class=\"row\"><div class=\"col-sm-12 input_container\"><div class=\"image_container empty\" style=\"display: none\"><span class=\"far fa-image\"><\/span><\/div><img decoding=\"async\" src=\"http:\/\/basixonline.net\/development\/wp-content\/uploads\/2020\/05\/Jeff_2.png\" class=\"html-image-obj ui-resizable\" data-original-height=\"188\" data-original-width=\"151\" alt=\"Jeff\" width=\"151\" style=\"margin: 0px;position: static;display: block;height: 156px;width: 151px\" title=\"Jeff\"><\/div><\/div><\/div><\/div><\/div><\/div><div class=\"grid_input_holder id-_13089  col-sm-9 grid-target-1\" data-grid-width=\"9\" data-grid-num=\"1\"><div class=\"form_field all_fields heading html_fields bootstrap_field\" id=\"_14173\" style=\"position: relative;top: 0px;left: 0px;margin-bottom: 15px\"><div class=\"row\"><div class=\"col-sm-12\" id=\"field_container\"><div class=\"row\"><div class=\"col-sm-12 input_container\"><input class=\"set_math_result\" value=\"0\" name=\"math_result\" type=\"hidden\"><h3 style=\"color: #ffffff\" data-original-math-equation=\"\" data-math-equation=\"\" class=\"the_input_element\"><span style=\"margin-left:10px\">Contact Us<\/span><\/h3><\/div><\/div><\/div><\/div><\/div><div class=\"form_field all_fields paragraph html_fields bootstrap_field\" id=\"_43188\" style=\"position: relative;top: 0px;left: 0px;margin-bottom: 15px;margin-left: 0px\"><div class=\"row\"><div class=\"col-sm-12\" id=\"field_container\"><div class=\"row\"><div class=\"col-sm-12 input_container\"><input class=\"set_math_result\" value=\"0\" name=\"math_result\" type=\"hidden\"><div class=\"the_input_element\" data-math-equation=\"\" data-original-math-equation=\"\" data-decimal-places=\"0\" style=\"color: #000000;font-size: 15px\"><div style=\"margin-left:10px\">Please complete the form below and we will respond to you as soon as possible.<\/div>\n<\/div><div style=\"clear:both\"><\/div><\/div><\/div><\/div><\/div><\/div><\/div><\/div><\/div><div class=\"form_field all_fields name preset_fields required has_prefix_icon bootstrap_field\" id=\"_84990\" style=\"position: relative;top: 0px;left: 0px;margin-bottom: 15px\"><div class=\"row\"><div class=\"col-sm-12\" id=\"field_container\"><div class=\"row\"><div class=\"label_container align_let align_left col-sm-12\"><label class=\"nf_title\"><span class=\"the_label\" style=\"font-size: 14px;color: #9e9e9e\">*Name<\/span><\/label><\/div><div class=\"col-sm-12  input_container\"><div class=\"input-group\"><span class=\"input-group-addon prefix\"><span class=\"fas fa-user\" style=\"font-size: 22px\"><\/span><\/span><input name=\"nom\" class=\"error_message required form-control the_input_element aling_left\" data-onfocus-color=\"#dddddd\" data-drop-focus-swadow=\"1\" data-placement=\"bottom\" data-content=\"Required\" title=\"\" data-secondary-message=\"\" data-original-brd-color=\"#dddddd\" type=\"text\" style=\"font-size: 13px\" placeholder=\"\" value=\"\" data-value=\"\"><\/div><\/div><\/div><\/div><\/div><\/div><div class=\"form_field all_fields email email preset_fields required has_prefix_icon bootstrap_field\" id=\"_44433\" style=\"position: relative;top: 0px;left: 0px;margin-bottom: 15px\"><div class=\"row\"><div class=\"col-sm-12\" id=\"field_container\"><div class=\"row\"><div class=\"label_container align_let align_left col-sm-12\"><label class=\"nf_title\"><span class=\"the_label\" style=\"font-size: 14px;color: #9e9e9e\">*Email<\/span><\/label><\/div><div class=\"col-sm-12  input_container\"><div class=\"input-group\"><span class=\"input-group-addon prefix\"><span class=\"fas fa-envelope\" style=\"font-size: 22px\"><\/span><\/span><input name=\"courriel\" class=\"error_message required email form-control the_input_element aling_left\" data-onfocus-color=\"#dddddd\" data-drop-focus-swadow=\"1\" data-placement=\"bottom\" data-content=\"Required\" title=\"\" data-secondary-message=\"Invalid email address\" data-original-brd-color=\"#dddddd\" type=\"text\" style=\"font-size: 13px\"><\/div><\/div><\/div><\/div><\/div><\/div><div class=\"form_field all_fields common_fields selection_fields radio-group bootstrap_field\" id=\"_38556\" style=\"position: relative;top: 0px;margin-bottom: 15px\"><div class=\"row\"><div class=\"col-sm-12\" id=\"field_container\" style=\"padding-top: 20px\"><div class=\"row\"><div class=\"input_holder radio-group no-pre-suffix\"><div class=\"label_container align_let col-sm-3\"><label class=\"nf_title\"><span class=\"the_label\" style=\"font-size: 14px;color: #9e9e9e\">Nature of the request<\/span><\/label><\/div><div class=\"input_container error_message the-radios col-sm-9\" id=\"the-radios\" data-checked-color=\"\" data-checked-class=\"fa fa-circle\" data-unchecked-class=\"\" data-placement=\"bottom\" data-content=\"Required\" title=\"\" data-checked-bg-color=\"#e0e0e0ff\"><label class=\"radio-inline\" for=\"g\u00e9n\u00e9ral\"><span class=\"has-pretty-child\"><div class=\"clearfix prettyradio labelright blue has-pretty-child\"><input class=\"radio the_input_element\" type=\"radio\" name=\"nature_of_enquiry\" id=\"g\u00e9n\u00e9ral\" value=\"G\u00e9n\u00e9ral\" style=\"display: none\"><a class=\"fa ui-state-default\"><\/a><\/div><span class=\"input-label radio-label\">General<\/span><\/span><\/label><label class=\"radio-inline\" for=\"ventes\"><span class=\"has-pretty-child\"><div class=\"clearfix prettyradio labelright blue has-pretty-child\"><input class=\"radio the_input_element\" type=\"radio\" name=\"nature_of_enquiry\" id=\"ventes\" value=\"Ventes\" style=\"display: none\"><a class=\"fa ui-state-default\"><\/a><\/div><span class=\"input-label radio-label\">Sales<\/span><\/span><\/label><label class=\"radio-inline\" for=\"soutien\"><span class=\"has-pretty-child\"><div class=\"clearfix prettyradio labelright blue has-pretty-child\"><input class=\"radio the_input_element\" type=\"radio\" name=\"nature_of_enquiry\" id=\"soutien\" value=\"Soutien\" style=\"display: none\"><a class=\"fa ui-state-default\"><\/a><\/div><span class=\"input-label radio-label\">Support<\/span><\/span><\/label><\/div><\/div><\/div><\/div><\/div><\/div><div class=\"form_field all_fields Query preset_fields required has_prefix_icon bootstrap_field\" id=\"_24109\" style=\"position: relative;top: 0px;left: 0px;margin-bottom: 15px\"><div class=\"row\"><div class=\"col-sm-12\" id=\"field_container\"><div class=\"row\"><div class=\"label_container align_let align_left col-sm-12\"><label class=\"nf_title\"><span class=\"the_label\" style=\"font-size: 14px;color: #9e9e9e\">*Message<\/span><\/label><\/div><div class=\"col-sm-12  input_container\"><div class=\"input-group\"><span class=\"input-group-addon prefix\"><span class=\"fas fa-comment\" style=\"font-size: 22px\"><\/span><\/span><textarea name=\"message\" placeholder=\"\" data-maxlength-color=\"label label-success\" data-maxlength-position=\"bottom\" data-maxlength-show=\"false\" data-default-value=\"\" class=\"error_message required the_input_element textarea pre-format form-control aling_left materialize-textarea\" data-onfocus-color=\"#dddddd\" data-drop-focus-swadow=\"1\" data-placement=\"bottom\" data-content=\"Required\" title=\"\" data-original-brd-color=\"#dddddd\" style=\"font-size: 13px\"><\/textarea><\/div><\/div><\/div><\/div><\/div><\/div><div class=\"form_field all_fields submit-button button_fields common_fields preset_fields special_fields selection_fields square bootstrap_field\" id=\"_64832\" style=\"position: relative;top: 0px;left: 0px;margin-bottom: 15px\"><div class=\"row\"><div class=\"col-sm-12\" id=\"field_container\"><div class=\"row\"><div class=\"col-sm-12  input_container\"><button class=\"nex-submit svg_ready the_input_element btn btn-default col-sm-12\" style=\"color: #ffffff;border-color: #b09677;background-color: #b09677\" data-math-equation=\"\" data-original-math-equation=\"\">Send<\/button><\/div><\/div><\/div><\/div><\/div>\n\t\t\t\t\t\n\t\t\t\t\t\n\t\t\t\t\t\n\t\t\t\t\t\n\t\t\t\t\t\n\t\t\t\t\t\n\t\t\t\t\t\n\t\t\t\t\t\n\t\t\t\t\t\n\t\t\t\t\t\n\t\t\t\t\t\n\t\t\t\t\t\n\t\t\t\t\t\n\t\t\t\t\t\n\t\t\t\t\t\n\t\t\t\t\t\n\t\t\t\t\t\n\t\t\t\t\t\n\t\t\t\t\t\n\t\t\t\t\t\n\t\t\t\t\t\n\t\t\t\t\t\n\t\t\t\t\t\n\t\t\t\t\t\n\t\t\t\t\t\n\t\t\t\t\t\n\t\t\t\t\t\n\t\t\t\t\t\n\t\t\t\t\t\n\t\t\t\t\t\n\t\t\t\t\t\n\t\t\t\t\t\n\t\t\t\t\t\n\t\t\t\t\t\n\t\t\t\t\t\n\t\t\t\t\t\n\t\t\t\t\t\n\t\t\t\t\t\n\t\t\t\t\t\n\t\t\t\t\t\n\t\t\t\t\t\n\t\t\t\t\t<div style=\"clear:both;\"><\/div><\/form><\/div><\/div><\/div><\/div><\/div><style type=\"text\/css\" class=\"nex-forms-custom-css\"><\/style>\n\t\t\t<\/div>\t\n\t\t<\/div>\t\n\t\t\n        \t\t<\/div>\n\t\t\t\t<\/div>\n\t\t\t\t\t<\/div>\n\t\t<\/div>\n\t\t\t\t\t<\/div>\n\t\t<\/div>\n\t\t\t\t\t<\/div>\n\t\t<\/div>\n\t\t\t\t\t<\/div>\n\t\t<\/section>\n\t\t\t\t<section class=\"elementor-section elementor-top-section elementor-element elementor-element-23e35545 elementor-section-full_width elementor-section-height-default elementor-section-height-default\" data-id=\"23e35545\" data-element_type=\"section\" data-settings=\"{&quot;background_background&quot;:&quot;classic&quot;}\">\n\t\t\t\t\t\t<div class=\"elementor-container elementor-column-gap-default\">\n\t\t\t\t\t<div class=\"elementor-column elementor-col-100 elementor-top-column elementor-element elementor-element-36c8746f\" data-id=\"36c8746f\" data-element_type=\"column\">\n\t\t\t<div class=\"elementor-widget-wrap\">\n\t\t\t\t\t\t\t<\/div>\n\t\t<\/div>\n\t\t\t\t\t<\/div>\n\t\t<\/section>\n\t\t\t\t<\/div>","protected":false},"excerpt":{"rendered":"<p>Nous Contacter Information T\u00e9l\u00e9phone: (438) 467-0179 Courriel: info@constructionsjkj.com Heures d&#039;ouverture: 08:00 am &#8211; 04:00 pm<\/p>","protected":false},"author":1,"featured_media":0,"parent":0,"menu_order":0,"comment_status":"closed","ping_status":"closed","template":"","meta":{"footnotes":"","_links_to":"","_links_to_target":""},"class_list":["post-110","page","type-page","status-publish","hentry"],"_links":{"self":[{"href":"https:\/\/constructionsjkj.com\/en\/wp-json\/wp\/v2\/pages\/110","targetHints":{"allow":["GET"]}}],"collection":[{"href":"https:\/\/constructionsjkj.com\/en\/wp-json\/wp\/v2\/pages"}],"about":[{"href":"https:\/\/constructionsjkj.com\/en\/wp-json\/wp\/v2\/types\/page"}],"author":[{"embeddable":true,"href":"https:\/\/constructionsjkj.com\/en\/wp-json\/wp\/v2\/users\/1"}],"replies":[{"embeddable":true,"href":"https:\/\/constructionsjkj.com\/en\/wp-json\/wp\/v2\/comments?post=110"}],"version-history":[{"count":55,"href":"https:\/\/constructionsjkj.com\/en\/wp-json\/wp\/v2\/pages\/110\/revisions"}],"predecessor-version":[{"id":2370,"href":"https:\/\/constructionsjkj.com\/en\/wp-json\/wp\/v2\/pages\/110\/revisions\/2370"}],"wp:attachment":[{"href":"https:\/\/constructionsjkj.com\/en\/wp-json\/wp\/v2\/media?parent=110"}],"curies":[{"name":"wp","href":"https:\/\/api.w.org\/{rel}","templated":true}]}}