{"id":1563,"date":"2022-05-09T21:38:08","date_gmt":"2022-05-10T01:38:08","guid":{"rendered":"https:\/\/webredox.net\/demo\/wp\/bauen\/light\/el\/multi\/demo1\/?page_id=1563"},"modified":"2023-11-16T15:25:47","modified_gmt":"2023-11-16T20:25:47","slug":"salle-de-bain","status":"publish","type":"page","link":"https:\/\/constructionsjkj.com\/en\/salle-de-bain\/","title":{"rendered":"BATHROOM"},"content":{"rendered":"<div data-elementor-type=\"wp-page\" data-elementor-id=\"1563\" class=\"elementor elementor-1563\" data-elementor-post-type=\"page\">\n\t\t\t\t\t\t<section class=\"elementor-section elementor-top-section elementor-element elementor-element-75e59c36 elementor-section-content-middle elementor-reverse-tablet elementor-reverse-mobile elementor-section-stretched elementor-section-boxed elementor-section-height-default elementor-section-height-default\" data-id=\"75e59c36\" data-element_type=\"section\" data-settings=\"{&quot;stretch_section&quot;:&quot;section-stretched&quot;}\">\n\t\t\t\t\t\t<div class=\"elementor-container elementor-column-gap-no\">\n\t\t\t\t\t<div class=\"elementor-column elementor-col-25 elementor-top-column elementor-element elementor-element-4521ce31\" data-id=\"4521ce31\" data-element_type=\"column\">\n\t\t\t<div class=\"elementor-widget-wrap elementor-element-populated\">\n\t\t\t\t\t\t<div class=\"elementor-element elementor-element-21a5990a elementor-widget elementor-widget-image\" data-id=\"21a5990a\" data-element_type=\"widget\" data-widget_type=\"image.default\">\n\t\t\t\t<div class=\"elementor-widget-container\">\n\t\t\t<style>\/*! elementor - v3.23.0 - 05-08-2024 *\/\n.elementor-widget-image{text-align:center}.elementor-widget-image a{display:inline-block}.elementor-widget-image a img[src$=\".svg\"]{width:48px}.elementor-widget-image img{vertical-align:middle;display:inline-block}<\/style>\t\t\t\t\t\t\t\t\t\t<img fetchpriority=\"high\" decoding=\"async\" width=\"900\" height=\"630\" src=\"https:\/\/constructionsjkj.com\/wp-content\/uploads\/2023\/10\/pexels-william-lemond-105934-scaled-1-1024x717.jpg\" class=\"attachment-large size-large wp-image-2014\" alt=\"\" srcset=\"https:\/\/constructionsjkj.com\/wp-content\/uploads\/2023\/10\/pexels-william-lemond-105934-scaled-1-1024x717.jpg 1024w, https:\/\/constructionsjkj.com\/wp-content\/uploads\/2023\/10\/pexels-william-lemond-105934-scaled-1-300x210.jpg 300w, https:\/\/constructionsjkj.com\/wp-content\/uploads\/2023\/10\/pexels-william-lemond-105934-scaled-1-768x538.jpg 768w, https:\/\/constructionsjkj.com\/wp-content\/uploads\/2023\/10\/pexels-william-lemond-105934-scaled-1-1536x1076.jpg 1536w, https:\/\/constructionsjkj.com\/wp-content\/uploads\/2023\/10\/pexels-william-lemond-105934-scaled-1-2048x1434.jpg 2048w\" sizes=\"(max-width: 900px) 100vw, 900px\" \/>\t\t\t\t\t\t\t\t\t\t\t\t\t<\/div>\n\t\t\t\t<\/div>\n\t\t\t\t<div class=\"elementor-element elementor-element-57ee2dc0 elementor-widget elementor-widget-image\" data-id=\"57ee2dc0\" data-element_type=\"widget\" data-widget_type=\"image.default\">\n\t\t\t\t<div class=\"elementor-widget-container\">\n\t\t\t\t\t\t\t\t\t\t\t\t\t<img decoding=\"async\" width=\"757\" height=\"1024\" src=\"https:\/\/constructionsjkj.com\/wp-content\/uploads\/2023\/10\/rsw_1440h_1440-26-1-757x1024.webp\" class=\"attachment-large size-large wp-image-2015\" alt=\"\" srcset=\"https:\/\/constructionsjkj.com\/wp-content\/uploads\/2023\/10\/rsw_1440h_1440-26-1-757x1024.webp 757w, https:\/\/constructionsjkj.com\/wp-content\/uploads\/2023\/10\/rsw_1440h_1440-26-1-222x300.webp 222w, https:\/\/constructionsjkj.com\/wp-content\/uploads\/2023\/10\/rsw_1440h_1440-26-1-768x1038.webp 768w, https:\/\/constructionsjkj.com\/wp-content\/uploads\/2023\/10\/rsw_1440h_1440-26-1.webp 1065w\" sizes=\"(max-width: 757px) 100vw, 757px\" \/>\t\t\t\t\t\t\t\t\t\t\t\t\t<\/div>\n\t\t\t\t<\/div>\n\t\t\t\t\t<\/div>\n\t\t<\/div>\n\t\t\t\t<div class=\"elementor-column elementor-col-25 elementor-top-column elementor-element elementor-element-26e01b36\" data-id=\"26e01b36\" data-element_type=\"column\">\n\t\t\t<div class=\"elementor-widget-wrap elementor-element-populated\">\n\t\t\t\t\t\t<div class=\"elementor-element elementor-element-754b2159 elementor-widget elementor-widget-image\" data-id=\"754b2159\" data-element_type=\"widget\" data-widget_type=\"image.default\">\n\t\t\t\t<div class=\"elementor-widget-container\">\n\t\t\t\t\t\t\t\t\t\t\t\t\t<img decoding=\"async\" width=\"900\" height=\"703\" src=\"https:\/\/constructionsjkj.com\/wp-content\/uploads\/2023\/10\/pexels-joey-342800-1024x800.jpg\" class=\"attachment-large size-large wp-image-2016\" alt=\"\" srcset=\"https:\/\/constructionsjkj.com\/wp-content\/uploads\/2023\/10\/pexels-joey-342800-1024x800.jpg 1024w, https:\/\/constructionsjkj.com\/wp-content\/uploads\/2023\/10\/pexels-joey-342800-300x234.jpg 300w, https:\/\/constructionsjkj.com\/wp-content\/uploads\/2023\/10\/pexels-joey-342800-768x600.jpg 768w, https:\/\/constructionsjkj.com\/wp-content\/uploads\/2023\/10\/pexels-joey-342800-1536x1200.jpg 1536w, https:\/\/constructionsjkj.com\/wp-content\/uploads\/2023\/10\/pexels-joey-342800-2048x1599.jpg 2048w\" sizes=\"(max-width: 900px) 100vw, 900px\" \/>\t\t\t\t\t\t\t\t\t\t\t\t\t<\/div>\n\t\t\t\t<\/div>\n\t\t\t\t\t<\/div>\n\t\t<\/div>\n\t\t\t\t<div class=\"elementor-column elementor-col-50 elementor-top-column elementor-element elementor-element-199ac4c2\" data-id=\"199ac4c2\" data-element_type=\"column\">\n\t\t\t<div class=\"elementor-widget-wrap elementor-element-populated\">\n\t\t\t\t\t\t<div class=\"elementor-element elementor-element-18b5d76c elementor-widget elementor-widget-heading\" data-id=\"18b5d76c\" data-element_type=\"widget\" data-widget_type=\"heading.default\">\n\t\t\t\t<div class=\"elementor-widget-container\">\n\t\t\t<style>\/*! elementor - v3.23.0 - 05-08-2024 *\/\n.elementor-heading-title{padding:0;margin:0;line-height:1}.elementor-widget-heading .elementor-heading-title[class*=elementor-size-]>a{color:inherit;font-size:inherit;line-height:inherit}.elementor-widget-heading .elementor-heading-title.elementor-size-small{font-size:15px}.elementor-widget-heading .elementor-heading-title.elementor-size-medium{font-size:19px}.elementor-widget-heading .elementor-heading-title.elementor-size-large{font-size:29px}.elementor-widget-heading .elementor-heading-title.elementor-size-xl{font-size:39px}.elementor-widget-heading .elementor-heading-title.elementor-size-xxl{font-size:59px}<\/style><h3 class=\"elementor-heading-title elementor-size-default\">BATHROOM<\/h3>\t\t<\/div>\n\t\t\t\t<\/div>\n\t\t\t\t<div class=\"elementor-element elementor-element-19df1e73 elementor-widget elementor-widget-text-editor\" data-id=\"19df1e73\" data-element_type=\"widget\" data-widget_type=\"text-editor.default\">\n\t\t\t\t<div class=\"elementor-widget-container\">\n\t\t\t<style>\/*! elementor - v3.23.0 - 05-08-2024 *\/\n.elementor-widget-text-editor.elementor-drop-cap-view-stacked .elementor-drop-cap{background-color:#69727d;color:#fff}.elementor-widget-text-editor.elementor-drop-cap-view-framed .elementor-drop-cap{color:#69727d;border:3px solid;background-color:transparent}.elementor-widget-text-editor:not(.elementor-drop-cap-view-default) .elementor-drop-cap{margin-top:8px}.elementor-widget-text-editor:not(.elementor-drop-cap-view-default) .elementor-drop-cap-letter{width:1em;height:1em}.elementor-widget-text-editor .elementor-drop-cap{float:left;text-align:center;line-height:1;font-size:50px}.elementor-widget-text-editor .elementor-drop-cap-letter{display:inline-block}<\/style>\t\t\t\t<p>Quel que soit votre budget, si votre salle de bain vieillit ou se d\u00e9mode, le sol est ab\u00eem\u00e9, il est peut-\u00eatre temps de penser \u00e0 r\u00e9am\u00e9nager votre salle de bain pour la transformer en un lieu o\u00f9 vous aimerez vraiment passer du temps. avec les constructions JKJ, nous faisons bouger les choses. Transformez partiellement ou compl\u00e8tement votre salle de bain et cr\u00e9ez la meilleure salle de bain possible pour vous. Tout, des armoires \u00e0 la douche ou \u00e0 l&#8217;ensemble de la conception, l&#8217;enl\u00e8vement des murs, l&#8217;installation de rev\u00eatements de sol, la peinture, l&#8217;installation de comptoirs, l&#8217;installation de baignoires de plain-pied et plus encore. Nos experts r\u00e9pondront \u00e9galement \u00e0 toutes vos questions ou aux pr\u00e9occupations que vous devez conna\u00eetre, comme le co\u00fbt d&#8217;installation ? Nous vous offrons toutes sortes de mat\u00e9riaux, m\u00e9lamine, thermoplastique, polyester, mdf, stratifi\u00e9, bois v\u00e9ritable ou placage de bois.\u00a0 <strong>Here are some examples.<\/strong><\/p>\t\t\t\t\t\t<\/div>\n\t\t\t\t<\/div>\n\t\t\t\t\t<\/div>\n\t\t<\/div>\n\t\t\t\t\t<\/div>\n\t\t<\/section>\n\t\t\t\t<section class=\"elementor-section elementor-top-section elementor-element elementor-element-1b95280f elementor-section-stretched elementor-section-boxed elementor-section-height-default elementor-section-height-default\" data-id=\"1b95280f\" data-element_type=\"section\" data-settings=\"{&quot;background_background&quot;:&quot;classic&quot;,&quot;stretch_section&quot;:&quot;section-stretched&quot;}\">\n\t\t\t\t\t\t<div class=\"elementor-container elementor-column-gap-default\">\n\t\t\t\t\t<div class=\"elementor-column elementor-col-100 elementor-top-column elementor-element elementor-element-7e258768\" data-id=\"7e258768\" data-element_type=\"column\">\n\t\t\t<div class=\"elementor-widget-wrap elementor-element-populated\">\n\t\t\t\t\t\t<div class=\"elementor-element elementor-element-795a59bb elementor-widget elementor-widget-heading\" data-id=\"795a59bb\" data-element_type=\"widget\" data-widget_type=\"heading.default\">\n\t\t\t\t<div class=\"elementor-widget-container\">\n\t\t\t<h2 class=\"elementor-heading-title elementor-size-default\">Floor cabinets<\/h2>\t\t<\/div>\n\t\t\t\t<\/div>\n\t\t\t\t<section class=\"elementor-section elementor-inner-section elementor-element elementor-element-6aba2a2b elementor-section-boxed elementor-section-height-default elementor-section-height-default\" data-id=\"6aba2a2b\" data-element_type=\"section\">\n\t\t\t\t\t\t<div class=\"elementor-container elementor-column-gap-default\">\n\t\t\t\t\t<div class=\"elementor-column elementor-col-50 elementor-inner-column elementor-element elementor-element-362c8156\" data-id=\"362c8156\" data-element_type=\"column\">\n\t\t\t<div class=\"elementor-widget-wrap elementor-element-populated\">\n\t\t\t\t\t\t<div class=\"elementor-element elementor-element-3489cd68 elementor-widget elementor-widget-bauen-pricing\" data-id=\"3489cd68\" data-element_type=\"widget\" data-widget_type=\"bauen-pricing.default\">\n\t\t\t\t<div class=\"elementor-widget-container\">\n\t\t\t\t\t\n\t\t\n\t\t\t\t\t\t\n\t\t<div class=\"pricing-card\">\t\t\n\t\t\t<div class=\"priceCard__content\">\n\t\t\t    \t\t\t\t\t\t\t\t<h3 class=\"pricing-card-amount\">starting at $4999 tax<\/h3>\n\t\t\t\t\t\n\t\t\t\t\t\t\t\t<div class=\"pricing-card-bottom\">\n\t\t\t\t    <ul class=\"list-unstyled pricing-card-list\">\n\t\t\t\t\t\t\t\t\t\t\t\t\t\t\t\t\t<li><i class=\"ti-check\"><\/i>with a ceramic shower (from 2.99\/pc) 32 x 60, glass corner walls &amp; acrylic base<\/li>\n\t\t\t\t\t\t\t\t\t\t\t\n\t\t\t\t\t\t\t\t\t\t\t\t\t\t\t\t\t<li><i class=\"ti-check\"><\/i>*conditions may apply.<\/li>\n\t\t\t\t\t\t\t\t\t\t\t\n\t\t\t\t\t\t\t\t\t   \n\t\t\t\t   <\/ul>\n\t\t\t\t<\/div>\n\t\t\t\t\t\t\t\t\t\t\t\t<div class=\"butn-pricing\">\n\t\t    \t\t<a href=\"https:\/\/constructionsjkj.com\/en\/contact\/\" target=\"_self\"><span>Contact us<\/span><\/a>\n\t\t        <\/div>\t\n\t\t\t\t\t\t\n\t\t    <\/div>\t\t\t\t\t\n\t\t<\/div>\t\t\t\t\t\t\t\t\t\n        \t\t<\/div>\n\t\t\t\t<\/div>\n\t\t\t\t\t<\/div>\n\t\t<\/div>\n\t\t\t\t<div class=\"elementor-column elementor-col-50 elementor-inner-column elementor-element elementor-element-1abc49bf\" data-id=\"1abc49bf\" data-element_type=\"column\">\n\t\t\t<div class=\"elementor-widget-wrap elementor-element-populated\">\n\t\t\t\t\t\t<div class=\"elementor-element elementor-element-3b452b69 elementor-widget elementor-widget-bauen-pricing\" data-id=\"3b452b69\" data-element_type=\"widget\" data-widget_type=\"bauen-pricing.default\">\n\t\t\t\t<div class=\"elementor-widget-container\">\n\t\t\t\t\t\n\t\t\n\t\t\t\t\t\t\n\t\t<div class=\"pricing-card\">\t\t\n\t\t\t<div class=\"priceCard__content\">\n\t\t\t    \t\t\t\t\t\t\t\t<h3 class=\"pricing-card-amount\">from $9999 tax<\/h3>\n\t\t\t\t\t\n\t\t\t\t\t\t\t\t<div class=\"pricing-card-bottom\">\n\t\t\t\t    <ul class=\"list-unstyled pricing-card-list\">\n\t\t\t\t\t\t\t\t\t\t\t\t\t\t\t\t\t<li><i class=\"ti-check\"><\/i>\u201cTurnkey\u201d bathroom renovation which includes painting, molding and new MDF framing and installation of ceramic tiles.<\/li>\n\t\t\t\t\t\t\t\t\t\t\t\n\t\t\t\t\t\t\t\t\t\t\t\t\t\t\t\t\t<li><i class=\"ti-check\"><\/i>*conditions may apply.<\/li>\n\t\t\t\t\t\t\t\t\t\t\t\n\t\t\t\t\t\t\t\t\t   \n\t\t\t\t   <\/ul>\n\t\t\t\t<\/div>\n\t\t\t\t\t\t\t\t\t\t\t\t<div class=\"butn-pricing\">\n\t\t    \t\t<a href=\"https:\/\/constructionsjkj.com\/en\/contact\/\" target=\"_self\"><span>Contact us<\/span><\/a>\n\t\t        <\/div>\t\n\t\t\t\t\t\t\n\t\t    <\/div>\t\t\t\t\t\n\t\t<\/div>\t\t\t\t\t\t\t\t\t\n        \t\t<\/div>\n\t\t\t\t<\/div>\n\t\t\t\t\t<\/div>\n\t\t<\/div>\n\t\t\t\t\t<\/div>\n\t\t<\/section>\n\t\t\t\t<div class=\"elementor-element elementor-element-b3188c1 elementor-widget elementor-widget-heading\" data-id=\"b3188c1\" data-element_type=\"widget\" data-widget_type=\"heading.default\">\n\t\t\t\t<div class=\"elementor-widget-container\">\n\t\t\t<h2 class=\"elementor-heading-title elementor-size-default\">Hanging cabinets<\/h2>\t\t<\/div>\n\t\t\t\t<\/div>\n\t\t\t\t<section class=\"elementor-section elementor-inner-section elementor-element elementor-element-0b62efd elementor-section-boxed elementor-section-height-default elementor-section-height-default\" data-id=\"0b62efd\" data-element_type=\"section\">\n\t\t\t\t\t\t<div class=\"elementor-container elementor-column-gap-default\">\n\t\t\t\t\t<div class=\"elementor-column elementor-col-50 elementor-inner-column elementor-element elementor-element-8a0db76\" data-id=\"8a0db76\" data-element_type=\"column\">\n\t\t\t<div class=\"elementor-widget-wrap elementor-element-populated\">\n\t\t\t\t\t\t<div class=\"elementor-element elementor-element-eee78ed elementor-widget elementor-widget-bauen-pricing\" data-id=\"eee78ed\" data-element_type=\"widget\" data-widget_type=\"bauen-pricing.default\">\n\t\t\t\t<div class=\"elementor-widget-container\">\n\t\t\t\t\t\n\t\t\n\t\t\t\t\t\t\n\t\t<div class=\"pricing-card\">\t\t\n\t\t\t<div class=\"priceCard__content\">\n\t\t\t    \t\t\t\t\t\t\t\t<h3 class=\"pricing-card-amount\">starting at $4999 tax<\/h3>\n\t\t\t\t\t\n\t\t\t\t\t\t\t\t<div class=\"pricing-card-bottom\">\n\t\t\t\t    <ul class=\"list-unstyled pricing-card-list\">\n\t\t\t\t\t\t\t\t\t\t\t\t\t\t\t\t\t<li><i class=\"ti-check\"><\/i>with a ceramic shower (from 2.99\/pc) 32 x 60, glass corner walls &amp; acrylic base<\/li>\n\t\t\t\t\t\t\t\t\t\t\t\n\t\t\t\t\t\t\t\t\t\t\t\t\t\t\t\t\t<li><i class=\"ti-check\"><\/i>*conditions may apply.<\/li>\n\t\t\t\t\t\t\t\t\t\t\t\n\t\t\t\t\t\t\t\t\t   \n\t\t\t\t   <\/ul>\n\t\t\t\t<\/div>\n\t\t\t\t\t\t\t\t\t\t\t\t<div class=\"butn-pricing\">\n\t\t    \t\t<a href=\"https:\/\/constructionsjkj.com\/en\/contact\/\" target=\"_self\"><span>Contact us<\/span><\/a>\n\t\t        <\/div>\t\n\t\t\t\t\t\t\n\t\t    <\/div>\t\t\t\t\t\n\t\t<\/div>\t\t\t\t\t\t\t\t\t\n        \t\t<\/div>\n\t\t\t\t<\/div>\n\t\t\t\t\t<\/div>\n\t\t<\/div>\n\t\t\t\t<div class=\"elementor-column elementor-col-50 elementor-inner-column elementor-element elementor-element-f70baf2\" data-id=\"f70baf2\" data-element_type=\"column\">\n\t\t\t<div class=\"elementor-widget-wrap elementor-element-populated\">\n\t\t\t\t\t\t<div class=\"elementor-element elementor-element-068be63 elementor-widget elementor-widget-bauen-pricing\" data-id=\"068be63\" data-element_type=\"widget\" data-widget_type=\"bauen-pricing.default\">\n\t\t\t\t<div class=\"elementor-widget-container\">\n\t\t\t\t\t\n\t\t\n\t\t\t\t\t\t\n\t\t<div class=\"pricing-card\">\t\t\n\t\t\t<div class=\"priceCard__content\">\n\t\t\t    \t\t\t\t\t\t\t\t<h3 class=\"pricing-card-amount\">from $9999 tax<\/h3>\n\t\t\t\t\t\n\t\t\t\t\t\t\t\t<div class=\"pricing-card-bottom\">\n\t\t\t\t    <ul class=\"list-unstyled pricing-card-list\">\n\t\t\t\t\t\t\t\t\t\t\t\t\t\t\t\t\t<li><i class=\"ti-check\"><\/i>\u201cTurnkey\u201d bathroom renovation which includes painting, molding and new MDF framing and installation of ceramic tiles.<\/li>\n\t\t\t\t\t\t\t\t\t\t\t\n\t\t\t\t\t\t\t\t\t\t\t\t\t\t\t\t\t<li><i class=\"ti-check\"><\/i>*conditions may apply.<\/li>\n\t\t\t\t\t\t\t\t\t\t\t\n\t\t\t\t\t\t\t\t\t   \n\t\t\t\t   <\/ul>\n\t\t\t\t<\/div>\n\t\t\t\t\t\t\t\t\t\t\t\t<div class=\"butn-pricing\">\n\t\t    \t\t<a href=\"https:\/\/constructionsjkj.com\/en\/contact\/\" target=\"_self\"><span>Contact us<\/span><\/a>\n\t\t        <\/div>\t\n\t\t\t\t\t\t\n\t\t    <\/div>\t\t\t\t\t\n\t\t<\/div>\t\t\t\t\t\t\t\t\t\n        \t\t<\/div>\n\t\t\t\t<\/div>\n\t\t\t\t\t<\/div>\n\t\t<\/div>\n\t\t\t\t\t<\/div>\n\t\t<\/section>\n\t\t\t\t\t<\/div>\n\t\t<\/div>\n\t\t\t\t\t<\/div>\n\t\t<\/section>\n\t\t\t\t<section class=\"elementor-section elementor-top-section elementor-element elementor-element-47043741 elementor-section-full_width elementor-section-height-default elementor-section-height-default\" data-id=\"47043741\" data-element_type=\"section\">\n\t\t\t\t\t\t<div class=\"elementor-container elementor-column-gap-default\">\n\t\t\t\t\t<div class=\"elementor-column elementor-col-16 elementor-top-column elementor-element elementor-element-4c3c3856\" data-id=\"4c3c3856\" data-element_type=\"column\">\n\t\t\t<div class=\"elementor-widget-wrap\">\n\t\t\t\t\t\t\t<\/div>\n\t\t<\/div>\n\t\t\t\t<div class=\"elementor-column elementor-col-66 elementor-top-column elementor-element elementor-element-1b325da7\" data-id=\"1b325da7\" data-element_type=\"column\">\n\t\t\t<div class=\"elementor-widget-wrap elementor-element-populated\">\n\t\t\t\t\t\t<div class=\"elementor-element elementor-element-2893cd9 elementor-widget elementor-widget-bauen-accordion\" data-id=\"2893cd9\" data-element_type=\"widget\" data-widget_type=\"bauen-accordion.default\">\n\t\t\t\t<div class=\"elementor-widget-container\">\n\t\t\t\n\t\t<div class=\"sec-accordion\">\n\t\t\t<ul class=\"accordion-box clearfix\">\n\t\t\t\t\t\t\t\t\t\t\t\t\t\t<li class=\"accordion block active-block\">\n\t\t\t\t\t\t\t\n\t\t\t\t\t\t\t\t\t\t\t\t\t<div class=\"acc-content current\">\n\t\t\t\t\t\t\t\t<div class=\"content\">\n\t\t\t\t\t\t\t\t\t<div class=\"text\"><p>All plans and pricing plans are subject to change at any time without notice. Professional design is not included. Installation of the bathroom cabinet includes: demolition (without dismantling the old one) without the installation of a temporary wall closed for dust, disposal of old cabinets is not included, l The installation will be installed on your walls as is, Full price is based on ceramic installation, it does not include demolition of old ceramic tiles, no sink included. Of course, for an additional fee, we can do anything you want, if our license gives us the right.<\/p><\/div>\n\t\t\t\t\t\t\t\t<\/div>\n\t\t\t\t\t\t\t<\/div>\t\t\t\t\t\t\t\n\t\t\t\t\t\t\t\t\t\t\t\t\t\t\t\t\t\n\t\t\t\t\t<\/li>\t\t\t\t\t\t\t\t\t\t\n\t\t\t\t\t\t\n\t\t\t\t\t\n\t    \t<\/ul>\t\t\n\t\t<\/div>\t\t\n\n        \t\t<\/div>\n\t\t\t\t<\/div>\n\t\t\t\t\t<\/div>\n\t\t<\/div>\n\t\t\t\t<div class=\"elementor-column elementor-col-16 elementor-top-column elementor-element elementor-element-475e510a\" data-id=\"475e510a\" data-element_type=\"column\">\n\t\t\t<div class=\"elementor-widget-wrap\">\n\t\t\t\t\t\t\t<\/div>\n\t\t<\/div>\n\t\t\t\t\t<\/div>\n\t\t<\/section>\n\t\t\t\t<\/div>","protected":false},"excerpt":{"rendered":"<p>Salle De Bain Quel que soit votre budget, si votre salle de bain vieillit ou se d\u00e9mode, le sol est ab\u00eem\u00e9, il est peut-\u00eatre temps de penser \u00e0 r\u00e9am\u00e9nager votre salle de bain pour la transformer en un lieu o\u00f9 vous aimerez vraiment passer du temps. avec les constructions JKJ, nous faisons bouger les choses. Transformez partiellement ou compl\u00e8tement votre&#8230;<\/p>","protected":false},"author":1,"featured_media":0,"parent":0,"menu_order":0,"comment_status":"closed","ping_status":"closed","template":"","meta":{"footnotes":"","_links_to":"","_links_to_target":""},"class_list":["post-1563","page","type-page","status-publish","hentry"],"_links":{"self":[{"href":"https:\/\/constructionsjkj.com\/en\/wp-json\/wp\/v2\/pages\/1563","targetHints":{"allow":["GET"]}}],"collection":[{"href":"https:\/\/constructionsjkj.com\/en\/wp-json\/wp\/v2\/pages"}],"about":[{"href":"https:\/\/constructionsjkj.com\/en\/wp-json\/wp\/v2\/types\/page"}],"author":[{"embeddable":true,"href":"https:\/\/constructionsjkj.com\/en\/wp-json\/wp\/v2\/users\/1"}],"replies":[{"embeddable":true,"href":"https:\/\/constructionsjkj.com\/en\/wp-json\/wp\/v2\/comments?post=1563"}],"version-history":[{"count":69,"href":"https:\/\/constructionsjkj.com\/en\/wp-json\/wp\/v2\/pages\/1563\/revisions"}],"predecessor-version":[{"id":2472,"href":"https:\/\/constructionsjkj.com\/en\/wp-json\/wp\/v2\/pages\/1563\/revisions\/2472"}],"wp:attachment":[{"href":"https:\/\/constructionsjkj.com\/en\/wp-json\/wp\/v2\/media?parent=1563"}],"curies":[{"name":"wp","href":"https:\/\/api.w.org\/{rel}","templated":true}]}}