{"id":1976,"date":"2023-10-26T01:30:40","date_gmt":"2023-10-26T05:30:40","guid":{"rendered":"https:\/\/constructionsjkj.com\/?page_id=1976"},"modified":"2023-11-16T15:25:05","modified_gmt":"2023-11-16T20:25:05","slug":"cuisine","status":"publish","type":"page","link":"https:\/\/constructionsjkj.com\/en\/cuisine\/","title":{"rendered":"KITCHEN"},"content":{"rendered":"<div data-elementor-type=\"wp-page\" data-elementor-id=\"1976\" class=\"elementor elementor-1976\" data-elementor-post-type=\"page\">\n\t\t\t\t\t\t<section class=\"elementor-section elementor-top-section elementor-element elementor-element-7f347b38 elementor-section-content-middle elementor-reverse-tablet elementor-reverse-mobile elementor-section-stretched elementor-section-boxed elementor-section-height-default elementor-section-height-default\" data-id=\"7f347b38\" data-element_type=\"section\" data-settings=\"{&quot;stretch_section&quot;:&quot;section-stretched&quot;}\">\n\t\t\t\t\t\t<div class=\"elementor-container elementor-column-gap-no\">\n\t\t\t\t\t<div class=\"elementor-column elementor-col-25 elementor-top-column elementor-element elementor-element-513d8750\" data-id=\"513d8750\" data-element_type=\"column\">\n\t\t\t<div class=\"elementor-widget-wrap elementor-element-populated\">\n\t\t\t\t\t\t<div class=\"elementor-element elementor-element-4b00c38 elementor-widget elementor-widget-image\" data-id=\"4b00c38\" data-element_type=\"widget\" data-widget_type=\"image.default\">\n\t\t\t\t<div class=\"elementor-widget-container\">\n\t\t\t<style>\/*! elementor - v3.23.0 - 05-08-2024 *\/\n.elementor-widget-image{text-align:center}.elementor-widget-image a{display:inline-block}.elementor-widget-image a img[src$=\".svg\"]{width:48px}.elementor-widget-image img{vertical-align:middle;display:inline-block}<\/style>\t\t\t\t\t\t\t\t\t\t<img fetchpriority=\"high\" decoding=\"async\" width=\"900\" height=\"611\" src=\"https:\/\/constructionsjkj.com\/wp-content\/uploads\/2023\/10\/rsw_1240cg_true-1-1024x695.webp\" class=\"attachment-large size-large wp-image-2030\" alt=\"\" srcset=\"https:\/\/constructionsjkj.com\/wp-content\/uploads\/2023\/10\/rsw_1240cg_true-1-1024x695.webp 1024w, https:\/\/constructionsjkj.com\/wp-content\/uploads\/2023\/10\/rsw_1240cg_true-1-300x203.webp 300w, https:\/\/constructionsjkj.com\/wp-content\/uploads\/2023\/10\/rsw_1240cg_true-1-768x521.webp 768w, https:\/\/constructionsjkj.com\/wp-content\/uploads\/2023\/10\/rsw_1240cg_true-1.webp 1240w\" sizes=\"(max-width: 900px) 100vw, 900px\" \/>\t\t\t\t\t\t\t\t\t\t\t\t\t<\/div>\n\t\t\t\t<\/div>\n\t\t\t\t<div class=\"elementor-element elementor-element-7a717ada elementor-widget elementor-widget-image\" data-id=\"7a717ada\" data-element_type=\"widget\" data-widget_type=\"image.default\">\n\t\t\t\t<div class=\"elementor-widget-container\">\n\t\t\t\t\t\t\t\t\t\t\t\t\t<img decoding=\"async\" width=\"687\" height=\"1024\" src=\"https:\/\/constructionsjkj.com\/wp-content\/uploads\/2023\/10\/pexels-jean-van-der-meulen-1454805-scaled-1-687x1024.jpg\" class=\"attachment-large size-large wp-image-2031\" alt=\"\" srcset=\"https:\/\/constructionsjkj.com\/wp-content\/uploads\/2023\/10\/pexels-jean-van-der-meulen-1454805-scaled-1-687x1024.jpg 687w, https:\/\/constructionsjkj.com\/wp-content\/uploads\/2023\/10\/pexels-jean-van-der-meulen-1454805-scaled-1-201x300.jpg 201w, https:\/\/constructionsjkj.com\/wp-content\/uploads\/2023\/10\/pexels-jean-van-der-meulen-1454805-scaled-1-768x1144.jpg 768w, https:\/\/constructionsjkj.com\/wp-content\/uploads\/2023\/10\/pexels-jean-van-der-meulen-1454805-scaled-1-1031x1536.jpg 1031w, https:\/\/constructionsjkj.com\/wp-content\/uploads\/2023\/10\/pexels-jean-van-der-meulen-1454805-scaled-1-1374x2048.jpg 1374w, https:\/\/constructionsjkj.com\/wp-content\/uploads\/2023\/10\/pexels-jean-van-der-meulen-1454805-scaled-1.jpg 1718w\" sizes=\"(max-width: 687px) 100vw, 687px\" \/>\t\t\t\t\t\t\t\t\t\t\t\t\t<\/div>\n\t\t\t\t<\/div>\n\t\t\t\t\t<\/div>\n\t\t<\/div>\n\t\t\t\t<div class=\"elementor-column elementor-col-25 elementor-top-column elementor-element elementor-element-2ec3ffa0\" data-id=\"2ec3ffa0\" data-element_type=\"column\">\n\t\t\t<div class=\"elementor-widget-wrap elementor-element-populated\">\n\t\t\t\t\t\t<div class=\"elementor-element elementor-element-220ece48 elementor-widget elementor-widget-image\" data-id=\"220ece48\" data-element_type=\"widget\" data-widget_type=\"image.default\">\n\t\t\t\t<div class=\"elementor-widget-container\">\n\t\t\t\t\t\t\t\t\t\t\t\t\t<img decoding=\"async\" width=\"900\" height=\"601\" src=\"https:\/\/constructionsjkj.com\/wp-content\/uploads\/2023\/10\/pexels-terry-magallanes-2635038-scaled-1-1024x684.jpg\" class=\"attachment-large size-large wp-image-2032\" alt=\"\" srcset=\"https:\/\/constructionsjkj.com\/wp-content\/uploads\/2023\/10\/pexels-terry-magallanes-2635038-scaled-1-1024x684.jpg 1024w, https:\/\/constructionsjkj.com\/wp-content\/uploads\/2023\/10\/pexels-terry-magallanes-2635038-scaled-1-300x200.jpg 300w, https:\/\/constructionsjkj.com\/wp-content\/uploads\/2023\/10\/pexels-terry-magallanes-2635038-scaled-1-768x513.jpg 768w, https:\/\/constructionsjkj.com\/wp-content\/uploads\/2023\/10\/pexels-terry-magallanes-2635038-scaled-1-1536x1025.jpg 1536w, https:\/\/constructionsjkj.com\/wp-content\/uploads\/2023\/10\/pexels-terry-magallanes-2635038-scaled-1-2048x1367.jpg 2048w\" sizes=\"(max-width: 900px) 100vw, 900px\" \/>\t\t\t\t\t\t\t\t\t\t\t\t\t<\/div>\n\t\t\t\t<\/div>\n\t\t\t\t\t<\/div>\n\t\t<\/div>\n\t\t\t\t<div class=\"elementor-column elementor-col-50 elementor-top-column elementor-element elementor-element-4efb6808\" data-id=\"4efb6808\" data-element_type=\"column\">\n\t\t\t<div class=\"elementor-widget-wrap elementor-element-populated\">\n\t\t\t\t\t\t<div class=\"elementor-element elementor-element-47019cb1 elementor-widget elementor-widget-heading\" data-id=\"47019cb1\" data-element_type=\"widget\" data-widget_type=\"heading.default\">\n\t\t\t\t<div class=\"elementor-widget-container\">\n\t\t\t<style>\/*! elementor - v3.23.0 - 05-08-2024 *\/\n.elementor-heading-title{padding:0;margin:0;line-height:1}.elementor-widget-heading .elementor-heading-title[class*=elementor-size-]>a{color:inherit;font-size:inherit;line-height:inherit}.elementor-widget-heading .elementor-heading-title.elementor-size-small{font-size:15px}.elementor-widget-heading .elementor-heading-title.elementor-size-medium{font-size:19px}.elementor-widget-heading .elementor-heading-title.elementor-size-large{font-size:29px}.elementor-widget-heading .elementor-heading-title.elementor-size-xl{font-size:39px}.elementor-widget-heading .elementor-heading-title.elementor-size-xxl{font-size:59px}<\/style><h3 class=\"elementor-heading-title elementor-size-default\">KITCHEN<\/h3>\t\t<\/div>\n\t\t\t\t<\/div>\n\t\t\t\t<div class=\"elementor-element elementor-element-5e495467 elementor-widget elementor-widget-text-editor\" data-id=\"5e495467\" data-element_type=\"widget\" data-widget_type=\"text-editor.default\">\n\t\t\t\t<div class=\"elementor-widget-container\">\n\t\t\t<style>\/*! elementor - v3.23.0 - 05-08-2024 *\/\n.elementor-widget-text-editor.elementor-drop-cap-view-stacked .elementor-drop-cap{background-color:#69727d;color:#fff}.elementor-widget-text-editor.elementor-drop-cap-view-framed .elementor-drop-cap{color:#69727d;border:3px solid;background-color:transparent}.elementor-widget-text-editor:not(.elementor-drop-cap-view-default) .elementor-drop-cap{margin-top:8px}.elementor-widget-text-editor:not(.elementor-drop-cap-view-default) .elementor-drop-cap-letter{width:1em;height:1em}.elementor-widget-text-editor .elementor-drop-cap{float:left;text-align:center;line-height:1;font-size:50px}.elementor-widget-text-editor .elementor-drop-cap-letter{display:inline-block}<\/style>\t\t\t\t<p>Vous voulez la cuisine de nos r\u00eaves ? avec nous, c&#8217;est possible Nous proposons des armoires de cuisine pour les cuisines modernes, les cuisines traditionnelles, les cuisines contemporaines de presque tous les types. Que vous souhaitiez une belle cuisine blanche ou une cuisine de luxe, nous sommes l\u00e0 pour vous, quel que soit votre budget. Vous \u00eates un investisseur ou un propri\u00e9taire et vous souhaitez que votre immeuble soit plus rentable, augmenter sa valeur ou faire un flip ? Nous sommes l\u00e0 pour r\u00e9aliser vos r\u00eaves et \u00e0 des prix plus que comp\u00e9titifs.<\/p>\t\t\t\t\t\t<\/div>\n\t\t\t\t<\/div>\n\t\t\t\t<div class=\"elementor-element elementor-element-62c6429d elementor-widget elementor-widget-text-editor\" data-id=\"62c6429d\" data-element_type=\"widget\" data-widget_type=\"text-editor.default\">\n\t\t\t\t<div class=\"elementor-widget-container\">\n\t\t\t\t\t\t\t<p>For your kitchen renovation project, the kitchen designers will take care of collecting your needs in order to create your project or you simply want to let us take the measurements. We will meet your requirements and your budget.<\/p>\t\t\t\t\t\t<\/div>\n\t\t\t\t<\/div>\n\t\t\t\t<div class=\"elementor-element elementor-element-678e5dc2 elementor-widget elementor-widget-text-editor\" data-id=\"678e5dc2\" data-element_type=\"widget\" data-widget_type=\"text-editor.default\">\n\t\t\t\t<div class=\"elementor-widget-container\">\n\t\t\t\t\t\t\t<p>Nous prenons en charge l&#8217;int\u00e9gralit\u00e9 de la r\u00e9novation de votre cuisine : r\u00e9am\u00e9nagement de la pi\u00e8ce, pose des meubles de cuisine, des plans de travail, pose d&#8217;armoires sur-mesure, pose d&#8217;\u00e9lectrom\u00e9nagers comme le lave-vaisselle ou le four encastr\u00e9.<\/p><p>We guarantee you quality service and compliance with your deadlines.<\/p><p>Nous vous proposons toutes sortes de mat\u00e9riaux, m\u00e9lamine, thermoplastique, polyester, mdf, stratifi\u00e9, bois v\u00e9ritable ou placage de bois. Nos experts r\u00e9pondront \u00e9galement \u00e0 toutes vos questions ou aux pr\u00e9occupations que vous devez conna\u00eetre, comme le co\u00fbt d&#8217;installation ?\u00a0<\/p>\t\t\t\t\t\t<\/div>\n\t\t\t\t<\/div>\n\t\t\t\t<div class=\"elementor-element elementor-element-1eafec28 elementor-invisible elementor-widget elementor-widget-heading\" data-id=\"1eafec28\" data-element_type=\"widget\" data-settings=\"{&quot;_animation&quot;:&quot;fadeInDown&quot;}\" data-widget_type=\"heading.default\">\n\t\t\t\t<div class=\"elementor-widget-container\">\n\t\t\t<h2 class=\"elementor-heading-title elementor-size-default\">Discover our examples...\n<\/h2>\t\t<\/div>\n\t\t\t\t<\/div>\n\t\t\t\t\t<\/div>\n\t\t<\/div>\n\t\t\t\t\t<\/div>\n\t\t<\/section>\n\t\t\t\t<section class=\"elementor-section elementor-top-section elementor-element elementor-element-7555536c elementor-section-stretched elementor-section-boxed elementor-section-height-default elementor-section-height-default\" data-id=\"7555536c\" data-element_type=\"section\" data-settings=\"{&quot;background_background&quot;:&quot;classic&quot;,&quot;stretch_section&quot;:&quot;section-stretched&quot;}\">\n\t\t\t\t\t\t<div class=\"elementor-container elementor-column-gap-default\">\n\t\t\t\t\t<div class=\"elementor-column elementor-col-100 elementor-top-column elementor-element elementor-element-750c118d\" data-id=\"750c118d\" data-element_type=\"column\">\n\t\t\t<div class=\"elementor-widget-wrap elementor-element-populated\">\n\t\t\t\t\t\t<div class=\"elementor-element elementor-element-5c4704f9 elementor-widget elementor-widget-heading\" data-id=\"5c4704f9\" data-element_type=\"widget\" data-widget_type=\"heading.default\">\n\t\t\t\t<div class=\"elementor-widget-container\">\n\t\t\t<h2 class=\"elementor-heading-title elementor-size-default\">L-Shaped Kitchen Projects<\/h2>\t\t<\/div>\n\t\t\t\t<\/div>\n\t\t\t\t<section class=\"elementor-section elementor-inner-section elementor-element elementor-element-d6d2d8c elementor-section-boxed elementor-section-height-default elementor-section-height-default\" data-id=\"d6d2d8c\" data-element_type=\"section\">\n\t\t\t\t\t\t<div class=\"elementor-container elementor-column-gap-default\">\n\t\t\t\t\t<div class=\"elementor-column elementor-col-50 elementor-inner-column elementor-element elementor-element-bcf7b86\" data-id=\"bcf7b86\" data-element_type=\"column\">\n\t\t\t<div class=\"elementor-widget-wrap elementor-element-populated\">\n\t\t\t\t\t\t<div class=\"elementor-element elementor-element-7873c608 elementor-widget elementor-widget-bauen-pricing\" data-id=\"7873c608\" data-element_type=\"widget\" data-widget_type=\"bauen-pricing.default\">\n\t\t\t\t<div class=\"elementor-widget-container\">\n\t\t\t\t\t\n\t\t\n\t\t\t\t\t\t\n\t\t<div class=\"pricing-card\">\t\t\n\t\t\t<div class=\"priceCard__content\">\n\t\t\t    \t\t\t\t<p class=\"pricing-card-name\">COMPLETE - with a 75x30 island<\/p>\n\t\t\t\t\t\t\t\t\t\t\t\t<h3 class=\"pricing-card-amount\">from $9999 tax<\/h3>\n\t\t\t\t\t\n\t\t\t\t\t\t\t\t<div class=\"pricing-card-bottom\">\n\t\t\t\t    <ul class=\"list-unstyled pricing-card-list\">\n\t\t\t\t\t\t\t\t\t\t\t\t\t\t\t\t\t<li><i class=\"ti-check\"><\/i>based on $2.99\/pc<\/li>\n\t\t\t\t\t\t\t\t\t\t\t\n\t\t\t\t\t\t\t\t\t\t\t\t\t\t\t\t\t<li><i class=\"ti-check\"><\/i>backsplash installation 100 pc<\/li>\n\t\t\t\t\t\t\t\t\t\t\t\n\t\t\t\t\t\t\t\t\t\t\t\t\t\t\t\t\t<li><i class=\"ti-check\"><\/i>installation of 12x12 ceramic floor<\/li>\n\t\t\t\t\t\t\t\t\t\t\t\n\t\t\t\t\t\t\t\t\t\t\t\t\t\t\t\t\t<li><i class=\"ti-check\"><\/i>*conditions may apply.<\/li>\n\t\t\t\t\t\t\t\t\t\t\t\n\t\t\t\t\t\t\t\t\t   \n\t\t\t\t   <\/ul>\n\t\t\t\t<\/div>\n\t\t\t\t\t\t\t\t\t\t\t\t<div class=\"butn-pricing\">\n\t\t    \t\t<a href=\"https:\/\/constructionsjkj.com\/en\/contact\/\" target=\"_self\"><span>Contact us<\/span><\/a>\n\t\t        <\/div>\t\n\t\t\t\t\t\t\n\t\t    <\/div>\t\t\t\t\t\n\t\t<\/div>\t\t\t\t\t\t\t\t\t\n        \t\t<\/div>\n\t\t\t\t<\/div>\n\t\t\t\t\t<\/div>\n\t\t<\/div>\n\t\t\t\t<div class=\"elementor-column elementor-col-50 elementor-inner-column elementor-element elementor-element-184b68a7\" data-id=\"184b68a7\" data-element_type=\"column\">\n\t\t\t<div class=\"elementor-widget-wrap elementor-element-populated\">\n\t\t\t\t\t\t<div class=\"elementor-element elementor-element-2dbda267 elementor-widget elementor-widget-bauen-pricing\" data-id=\"2dbda267\" data-element_type=\"widget\" data-widget_type=\"bauen-pricing.default\">\n\t\t\t\t<div class=\"elementor-widget-container\">\n\t\t\t\t\t\n\t\t\n\t\t\t\t\t\t\n\t\t<div class=\"pricing-card\">\t\t\n\t\t\t<div class=\"priceCard__content\">\n\t\t\t    \t\t\t\t<p class=\"pricing-card-name\">\u201cTurnkey\u201d kitchen renovation which includes painting, molding and new MDF framing and installation of ceramic tiles.<\/p>\n\t\t\t\t\t\t\t\t\t\t\t\t<h3 class=\"pricing-card-amount\">from $14,999 tax<\/h3>\n\t\t\t\t\t\n\t\t\t\t\t\t\t\t<div class=\"pricing-card-bottom\">\n\t\t\t\t    <ul class=\"list-unstyled pricing-card-list\">\n\t\t\t\t\t\t\t\t\t\t\t\t\t\t\t\t\t<li><i class=\"ti-check\"><\/i>based on $2.99\/pc<\/li>\n\t\t\t\t\t\t\t\t\t\t\t\n\t\t\t\t\t\t\t\t\t\t\t\t\t\t\t\t\t<li><i class=\"ti-check\"><\/i>backsplash installation 100 pc<\/li>\n\t\t\t\t\t\t\t\t\t\t\t\n\t\t\t\t\t\t\t\t\t\t\t\t\t\t\t\t\t<li><i class=\"ti-check\"><\/i>installation of 12x12 ceramic floor<\/li>\n\t\t\t\t\t\t\t\t\t\t\t\n\t\t\t\t\t\t\t\t\t\t\t\t\t\t\t\t\t<li><i class=\"ti-check\"><\/i>*conditions may apply.<\/li>\n\t\t\t\t\t\t\t\t\t\t\t\n\t\t\t\t\t\t\t\t\t   \n\t\t\t\t   <\/ul>\n\t\t\t\t<\/div>\n\t\t\t\t\t\t\t\t\t\t\t\t<div class=\"butn-pricing\">\n\t\t    \t\t<a href=\"https:\/\/constructionsjkj.com\/en\/contact\/\" target=\"_self\"><span>Contact us<\/span><\/a>\n\t\t        <\/div>\t\n\t\t\t\t\t\t\n\t\t    <\/div>\t\t\t\t\t\n\t\t<\/div>\t\t\t\t\t\t\t\t\t\n        \t\t<\/div>\n\t\t\t\t<\/div>\n\t\t\t\t\t<\/div>\n\t\t<\/div>\n\t\t\t\t\t<\/div>\n\t\t<\/section>\n\t\t\t\t\t<\/div>\n\t\t<\/div>\n\t\t\t\t\t<\/div>\n\t\t<\/section>\n\t\t\t\t<section class=\"elementor-section elementor-top-section elementor-element elementor-element-553e602f elementor-section-full_width elementor-section-stretched elementor-section-height-default elementor-section-height-default\" data-id=\"553e602f\" data-element_type=\"section\" data-settings=\"{&quot;background_background&quot;:&quot;classic&quot;,&quot;stretch_section&quot;:&quot;section-stretched&quot;}\">\n\t\t\t\t\t\t<div class=\"elementor-container elementor-column-gap-default\">\n\t\t\t\t\t<div class=\"elementor-column elementor-col-100 elementor-top-column elementor-element elementor-element-2dd2107b\" data-id=\"2dd2107b\" data-element_type=\"column\">\n\t\t\t<div class=\"elementor-widget-wrap elementor-element-populated\">\n\t\t\t\t\t\t<div class=\"elementor-element elementor-element-2639ac4d elementor-widget elementor-widget-heading\" data-id=\"2639ac4d\" data-element_type=\"widget\" data-widget_type=\"heading.default\">\n\t\t\t\t<div class=\"elementor-widget-container\">\n\t\t\t<h2 class=\"elementor-heading-title elementor-size-default\">Straight Line Shaped Kitchen Projects<\/h2>\t\t<\/div>\n\t\t\t\t<\/div>\n\t\t\t\t<section class=\"elementor-section elementor-inner-section elementor-element elementor-element-2c8c84cd elementor-section-boxed elementor-section-height-default elementor-section-height-default\" data-id=\"2c8c84cd\" data-element_type=\"section\">\n\t\t\t\t\t\t<div class=\"elementor-container elementor-column-gap-default\">\n\t\t\t\t\t<div class=\"elementor-column elementor-col-50 elementor-inner-column elementor-element elementor-element-37ddd125\" data-id=\"37ddd125\" data-element_type=\"column\">\n\t\t\t<div class=\"elementor-widget-wrap elementor-element-populated\">\n\t\t\t\t\t\t<div class=\"elementor-element elementor-element-74f8ff8d elementor-widget elementor-widget-bauen-pricing\" data-id=\"74f8ff8d\" data-element_type=\"widget\" data-widget_type=\"bauen-pricing.default\">\n\t\t\t\t<div class=\"elementor-widget-container\">\n\t\t\t\t\t\n\t\t\n\t\t\t\t\t\t\n\t\t<div class=\"pricing-card\">\t\t\n\t\t\t<div class=\"priceCard__content\">\n\t\t\t    \t\t\t\t<p class=\"pricing-card-name\">COMPLETE - with a 75x30 island<\/p>\n\t\t\t\t\t\t\t\t\t\t\t\t<h3 class=\"pricing-card-amount\">from $9999 tax<\/h3>\n\t\t\t\t\t\n\t\t\t\t\t\t\t\t<div class=\"pricing-card-bottom\">\n\t\t\t\t    <ul class=\"list-unstyled pricing-card-list\">\n\t\t\t\t\t\t\t\t\t\t\t\t\t\t\t\t\t<li><i class=\"ti-check\"><\/i>based on $2.99\/pc<\/li>\n\t\t\t\t\t\t\t\t\t\t\t\n\t\t\t\t\t\t\t\t\t\t\t\t\t\t\t\t\t<li><i class=\"ti-check\"><\/i>backsplash installation 100 pc<\/li>\n\t\t\t\t\t\t\t\t\t\t\t\n\t\t\t\t\t\t\t\t\t\t\t\t\t\t\t\t\t<li><i class=\"ti-check\"><\/i>installation of 12x12 ceramic floor<\/li>\n\t\t\t\t\t\t\t\t\t\t\t\n\t\t\t\t\t\t\t\t\t\t\t\t\t\t\t\t\t<li><i class=\"ti-check\"><\/i>*conditions may apply.<\/li>\n\t\t\t\t\t\t\t\t\t\t\t\n\t\t\t\t\t\t\t\t\t   \n\t\t\t\t   <\/ul>\n\t\t\t\t<\/div>\n\t\t\t\t\t\t\t\t\t\t\t\t<div class=\"butn-pricing\">\n\t\t    \t\t<a href=\"https:\/\/constructionsjkj.com\/en\/contact\/\" target=\"_self\"><span>Contact us<\/span><\/a>\n\t\t        <\/div>\t\n\t\t\t\t\t\t\n\t\t    <\/div>\t\t\t\t\t\n\t\t<\/div>\t\t\t\t\t\t\t\t\t\n        \t\t<\/div>\n\t\t\t\t<\/div>\n\t\t\t\t\t<\/div>\n\t\t<\/div>\n\t\t\t\t<div class=\"elementor-column elementor-col-50 elementor-inner-column elementor-element elementor-element-78362129\" data-id=\"78362129\" data-element_type=\"column\">\n\t\t\t<div class=\"elementor-widget-wrap elementor-element-populated\">\n\t\t\t\t\t\t<div class=\"elementor-element elementor-element-73d5a763 elementor-widget elementor-widget-bauen-pricing\" data-id=\"73d5a763\" data-element_type=\"widget\" data-widget_type=\"bauen-pricing.default\">\n\t\t\t\t<div class=\"elementor-widget-container\">\n\t\t\t\t\t\n\t\t\n\t\t\t\t\t\t\n\t\t<div class=\"pricing-card\">\t\t\n\t\t\t<div class=\"priceCard__content\">\n\t\t\t    \t\t\t\t<p class=\"pricing-card-name\">\u201cTurnkey\u201d kitchen renovation which includes painting, molding and new MDF framing and installation of ceramic tiles.<\/p>\n\t\t\t\t\t\t\t\t\t\t\t\t<h3 class=\"pricing-card-amount\">from $14,999 tax<\/h3>\n\t\t\t\t\t\n\t\t\t\t\t\t\t\t<div class=\"pricing-card-bottom\">\n\t\t\t\t    <ul class=\"list-unstyled pricing-card-list\">\n\t\t\t\t\t\t\t\t\t\t\t\t\t\t\t\t\t<li><i class=\"ti-check\"><\/i>based on $2.99\/pc<\/li>\n\t\t\t\t\t\t\t\t\t\t\t\n\t\t\t\t\t\t\t\t\t\t\t\t\t\t\t\t\t<li><i class=\"ti-check\"><\/i>backsplash installation 100 pc<\/li>\n\t\t\t\t\t\t\t\t\t\t\t\n\t\t\t\t\t\t\t\t\t\t\t\t\t\t\t\t\t<li><i class=\"ti-check\"><\/i>installation of 12x12 ceramic floor<\/li>\n\t\t\t\t\t\t\t\t\t\t\t\n\t\t\t\t\t\t\t\t\t\t\t\t\t\t\t\t\t<li><i class=\"ti-check\"><\/i>*conditions may apply.<\/li>\n\t\t\t\t\t\t\t\t\t\t\t\n\t\t\t\t\t\t\t\t\t   \n\t\t\t\t   <\/ul>\n\t\t\t\t<\/div>\n\t\t\t\t\t\t\t\t\t\t\t\t<div class=\"butn-pricing\">\n\t\t    \t\t<a href=\"https:\/\/constructionsjkj.com\/en\/contact\/\" target=\"_self\"><span>Contact us<\/span><\/a>\n\t\t        <\/div>\t\n\t\t\t\t\t\t\n\t\t    <\/div>\t\t\t\t\t\n\t\t<\/div>\t\t\t\t\t\t\t\t\t\n        \t\t<\/div>\n\t\t\t\t<\/div>\n\t\t\t\t\t<\/div>\n\t\t<\/div>\n\t\t\t\t\t<\/div>\n\t\t<\/section>\n\t\t\t\t\t<\/div>\n\t\t<\/div>\n\t\t\t\t\t<\/div>\n\t\t<\/section>\n\t\t\t\t<section class=\"elementor-section elementor-top-section elementor-element elementor-element-48136117 elementor-section-full_width elementor-section-height-default elementor-section-height-default\" data-id=\"48136117\" data-element_type=\"section\">\n\t\t\t\t\t\t<div class=\"elementor-container elementor-column-gap-default\">\n\t\t\t\t\t<div class=\"elementor-column elementor-col-16 elementor-top-column elementor-element elementor-element-571462ed\" data-id=\"571462ed\" data-element_type=\"column\">\n\t\t\t<div class=\"elementor-widget-wrap\">\n\t\t\t\t\t\t\t<\/div>\n\t\t<\/div>\n\t\t\t\t<div class=\"elementor-column elementor-col-66 elementor-top-column elementor-element elementor-element-1ee6dfb8\" data-id=\"1ee6dfb8\" data-element_type=\"column\">\n\t\t\t<div class=\"elementor-widget-wrap elementor-element-populated\">\n\t\t\t\t\t\t<div class=\"elementor-element elementor-element-231f0b5d elementor-widget elementor-widget-bauen-accordion\" data-id=\"231f0b5d\" data-element_type=\"widget\" data-widget_type=\"bauen-accordion.default\">\n\t\t\t\t<div class=\"elementor-widget-container\">\n\t\t\t\n\t\t<div class=\"sec-accordion\">\n\t\t\t<ul class=\"accordion-box clearfix\">\n\t\t\t\t\t\t\t\t\t\t\t\t\t\t<li class=\"accordion block active-block\">\n\t\t\t\t\t\t\t\n\t\t\t\t\t\t\t\t\t\t\t\t\t<div class=\"acc-content current\">\n\t\t\t\t\t\t\t\t<div class=\"content\">\n\t\t\t\t\t\t\t\t\t<div class=\"text\"><p>All plans and pricing plans are subject to change at any time without notice. Professional design is not included. Installation of the bathroom cabinet includes: demolition (without dismantling the old one) without the installation of a temporary wall closed for dust, disposal of old cabinets is not included, l The installation will be installed on your walls as is, Full price is based on ceramic installation, it does not include demolition of old ceramic tiles, no sink included. Of course, for an additional fee, we can do anything you want, if our license gives us the right.<\/p><\/div>\n\t\t\t\t\t\t\t\t<\/div>\n\t\t\t\t\t\t\t<\/div>\t\t\t\t\t\t\t\n\t\t\t\t\t\t\t\t\t\t\t\t\t\t\t\t\t\n\t\t\t\t\t<\/li>\t\t\t\t\t\t\t\t\t\t\n\t\t\t\t\t\t\n\t\t\t\t\t\n\t    \t<\/ul>\t\t\n\t\t<\/div>\t\t\n\n        \t\t<\/div>\n\t\t\t\t<\/div>\n\t\t\t\t\t<\/div>\n\t\t<\/div>\n\t\t\t\t<div class=\"elementor-column elementor-col-16 elementor-top-column elementor-element elementor-element-14240c54\" data-id=\"14240c54\" data-element_type=\"column\">\n\t\t\t<div class=\"elementor-widget-wrap\">\n\t\t\t\t\t\t\t<\/div>\n\t\t<\/div>\n\t\t\t\t\t<\/div>\n\t\t<\/section>\n\t\t\t\t<section class=\"elementor-section elementor-top-section elementor-element elementor-element-16fba9a5 elementor-section-full_width elementor-section-height-default elementor-section-height-default\" data-id=\"16fba9a5\" data-element_type=\"section\" data-settings=\"{&quot;background_background&quot;:&quot;classic&quot;}\">\n\t\t\t\t\t\t<div class=\"elementor-container elementor-column-gap-default\">\n\t\t\t\t\t<div class=\"elementor-column elementor-col-100 elementor-top-column elementor-element elementor-element-60560982\" data-id=\"60560982\" data-element_type=\"column\">\n\t\t\t<div class=\"elementor-widget-wrap\">\n\t\t\t\t\t\t\t<\/div>\n\t\t<\/div>\n\t\t\t\t\t<\/div>\n\t\t<\/section>\n\t\t\t\t<\/div>","protected":false},"excerpt":{"rendered":"<p>Cuisine Vous voulez la cuisine de nos r\u00eaves ? avec nous, c&#8217;est possible Nous proposons des armoires de cuisine pour les cuisines modernes, les cuisines traditionnelles, les cuisines contemporaines de presque tous les types. Que vous souhaitiez une belle cuisine blanche ou une cuisine de luxe, nous sommes l\u00e0 pour vous, quel que soit votre budget. Vous \u00eates un investisseur&#8230;<\/p>","protected":false},"author":1,"featured_media":0,"parent":0,"menu_order":0,"comment_status":"closed","ping_status":"closed","template":"","meta":{"footnotes":"","_links_to":"","_links_to_target":""},"class_list":["post-1976","page","type-page","status-publish","hentry"],"_links":{"self":[{"href":"https:\/\/constructionsjkj.com\/en\/wp-json\/wp\/v2\/pages\/1976","targetHints":{"allow":["GET"]}}],"collection":[{"href":"https:\/\/constructionsjkj.com\/en\/wp-json\/wp\/v2\/pages"}],"about":[{"href":"https:\/\/constructionsjkj.com\/en\/wp-json\/wp\/v2\/types\/page"}],"author":[{"embeddable":true,"href":"https:\/\/constructionsjkj.com\/en\/wp-json\/wp\/v2\/users\/1"}],"replies":[{"embeddable":true,"href":"https:\/\/constructionsjkj.com\/en\/wp-json\/wp\/v2\/comments?post=1976"}],"version-history":[{"count":72,"href":"https:\/\/constructionsjkj.com\/en\/wp-json\/wp\/v2\/pages\/1976\/revisions"}],"predecessor-version":[{"id":2466,"href":"https:\/\/constructionsjkj.com\/en\/wp-json\/wp\/v2\/pages\/1976\/revisions\/2466"}],"wp:attachment":[{"href":"https:\/\/constructionsjkj.com\/en\/wp-json\/wp\/v2\/media?parent=1976"}],"curies":[{"name":"wp","href":"https:\/\/api.w.org\/{rel}","templated":true}]}}